{"id":1141,"date":"2024-05-24T06:53:40","date_gmt":"2024-05-24T06:53:40","guid":{"rendered":"https:\/\/www.pensselitehdas.fi\/?page_id=1141"},"modified":"2026-02-27T08:56:57","modified_gmt":"2026-02-27T06:56:57","slug":"residenssi","status":"publish","type":"page","link":"https:\/\/www.pensselitehdas.fi\/index.php\/residenssi\/","title":{"rendered":"Residenssi"},"content":{"rendered":"\t\t<div data-elementor-type=\"wp-page\" data-elementor-id=\"1141\" class=\"elementor elementor-1141\" data-elementor-post-type=\"page\">\n\t\t\t\t<div class=\"elementor-element elementor-element-2ff47dc8 e-flex e-con-boxed e-con e-parent\" data-id=\"2ff47dc8\" data-element_type=\"container\" data-e-type=\"container\">\n\t\t\t\t\t<div class=\"e-con-inner\">\n\t\t\t\t<div class=\"elementor-element elementor-element-5a98d91 elementor-widget elementor-widget-heading\" data-id=\"5a98d91\" data-element_type=\"widget\" data-e-type=\"widget\" data-widget_type=\"heading.default\">\n\t\t\t\t<div class=\"elementor-widget-container\">\n\t\t\t\t\t<h2 class=\"elementor-heading-title elementor-size-default\">Pensselitehdas x Emilia Lehikoinen<br><\/h2>\t\t\t\t<\/div>\n\t\t\t\t<\/div>\n\t\t\t\t<div class=\"elementor-element elementor-element-ae1d7b7 elementor-widget elementor-widget-image\" data-id=\"ae1d7b7\" data-element_type=\"widget\" data-e-type=\"widget\" data-widget_type=\"image.default\">\n\t\t\t\t<div class=\"elementor-widget-container\">\n\t\t\t\t\t\t\t\t\t\t\t\t\t\t\t<img fetchpriority=\"high\" decoding=\"async\" width=\"681\" height=\"1024\" src=\"https:\/\/www.pensselitehdas.fi\/wp-content\/uploads\/2026\/02\/Lehikoine-681x1024.jpg\" class=\"attachment-large size-large wp-image-2166\" alt=\"\" srcset=\"https:\/\/www.pensselitehdas.fi\/wp-content\/uploads\/2026\/02\/Lehikoine-681x1024.jpg 681w, https:\/\/www.pensselitehdas.fi\/wp-content\/uploads\/2026\/02\/Lehikoine-200x300.jpg 200w, https:\/\/www.pensselitehdas.fi\/wp-content\/uploads\/2026\/02\/Lehikoine-768x1154.jpg 768w, https:\/\/www.pensselitehdas.fi\/wp-content\/uploads\/2026\/02\/Lehikoine-1022x1536.jpg 1022w, https:\/\/www.pensselitehdas.fi\/wp-content\/uploads\/2026\/02\/Lehikoine-1363x2048.jpg 1363w, https:\/\/www.pensselitehdas.fi\/wp-content\/uploads\/2026\/02\/Lehikoine-scaled.jpg 1703w\" sizes=\"(max-width: 681px) 100vw, 681px\" \/>\t\t\t\t\t\t\t\t\t\t\t\t\t\t\t<\/div>\n\t\t\t\t<\/div>\n\t\t\t\t<div class=\"elementor-element elementor-element-4dc3c53c elementor-widget elementor-widget-text-editor\" data-id=\"4dc3c53c\" data-element_type=\"widget\" data-e-type=\"widget\" data-widget_type=\"text-editor.default\">\n\t\t\t\t<div class=\"elementor-widget-container\">\n\t\t\t\t\t\t\t\t\t<p><b>Pensselitehtaan <\/b>uusi residenssitaiteilija on <b>Emilia Lehikoinen.<\/b><\/p><p>\u00a0<\/p><p>Emilia Lehikoinen (s. 2002) asuu ja ty\u00f6skentelee Porvoossa, p\u00e4\u00e4asiallisena tekniikkanaan \u00f6ljyv\u00e4rimaalaus. Viimeaikaisten teosten keskeisi\u00e4 teemoja ovat hetkellisyys ja ajallisuus, erilaiset muutoskohdat ja siirtym\u00e4t niin tunnekeskeisell\u00e4 kuin konkreettisen tilallisella tasolla. Teoksissa usein l\u00e4ht\u00f6kohtana toimiva tutkiva n\u00e4k\u00f6kulma muuttuu, hajoaa ja laajenee ty\u00f6skennelless\u00e4. Maalausj\u00e4ljess\u00e4 painottuvat kerroksellisuus ja el\u00e4v\u00e4t siveltimenvedot, pyrkimys s\u00e4ilytt\u00e4m\u00e4\u00e4n merkkej\u00e4 eri ty\u00f6vaiheista ja samaan aikaan antaa maalaukselle luvan kerrostua ja muuttua.<\/p><p>\u00a0<\/p><p>Lehikoisen t\u00f6it\u00e4 on ollut esill\u00e4 eri yksityis- ja ryhm\u00e4n\u00e4yttelyiss\u00e4 vuodesta 2023 alkaen. Seuraavana teoksia on n\u00e4ht\u00e4vill\u00e4 toukokuussa 2026 Generation 2026 -ryhm\u00e4n\u00e4yttelyn yhteydess\u00e4 Amos Rexiss\u00e4 Helsingiss\u00e4 ja syyskuussa 2026 yksityisn\u00e4yttelyss\u00e4 Porvoon Taidehallin Galleria Kulmassa.<br \/><br \/><a href=\"https:\/\/emilialehikoinen.weebly.com\"><strong>https:\/\/emilialehikoinen.weebly.com\/<\/strong><\/a><\/p><p>\u00a0<\/p>\t\t\t\t\t\t\t\t<\/div>\n\t\t\t\t<\/div>\n\t\t\t\t\t<\/div>\n\t\t\t\t<\/div>\n\t\t<div class=\"elementor-element elementor-element-63a58de e-flex e-con-boxed e-con e-parent\" data-id=\"63a58de\" data-element_type=\"container\" data-e-type=\"container\">\n\t\t\t\t\t<div class=\"e-con-inner\">\n\t\t\t\t<div class=\"elementor-element elementor-element-31564650 elementor-widget-divider--view-line elementor-widget elementor-widget-divider\" data-id=\"31564650\" data-element_type=\"widget\" data-e-type=\"widget\" data-widget_type=\"divider.default\">\n\t\t\t\t<div class=\"elementor-widget-container\">\n\t\t\t\t\t\t\t<div class=\"elementor-divider\">\n\t\t\t<span class=\"elementor-divider-separator\">\n\t\t\t\t\t\t<\/span>\n\t\t<\/div>\n\t\t\t\t\t\t<\/div>\n\t\t\t\t<\/div>\n\t\t\t\t\t<\/div>\n\t\t\t\t<\/div>\n\t\t<div class=\"elementor-element elementor-element-6ac8806 e-flex e-con-boxed e-con e-parent\" data-id=\"6ac8806\" data-element_type=\"container\" data-e-type=\"container\">\n\t\t\t\t\t<div class=\"e-con-inner\">\n\t\t\t\t<div class=\"elementor-element elementor-element-9508859 elementor-widget elementor-widget-text-editor\" data-id=\"9508859\" data-element_type=\"widget\" data-e-type=\"widget\" data-widget_type=\"text-editor.default\">\n\t\t\t\t<div class=\"elementor-widget-container\">\n\t\t\t\t\t\t\t\t\t<h5>Pensselitehtaan residenssi<\/h5><p>Pensselitehtaan residenssi on jatkuvaluonteinen, muotoaan muuttava ja kestoltaan vaihteleva, eri taiteenlajien harjoittajille suunnattu mahdollisuus ty\u00f6skennell\u00e4 ja esitt\u00e4\u00e4 t\u00f6it\u00e4\u00e4n.<\/p><p>Nora Helsinki on Pensselitehtaan ensimm\u00e4inen residenssitaiteilija, mutta Pensselitehtaan taidetoimikunta pohtii jo jatkosuunnitelmia. Residenssipaikat jaetaan hakemusten perusteella tai kutsupohjalta.<\/p><p>Kaikenlaisia, mutta etenkin hyvi\u00e4 ideoita kannattaa suunnata s\u00e4hk\u00f6postitse osoitteeseen: <a href=\"mailto:residenssi@pensselitehdas.fi\">residenssi@pensselitehdas.fi<br \/><\/a><\/p>\t\t\t\t\t\t\t\t<\/div>\n\t\t\t\t<\/div>\n\t\t\t\t\t<\/div>\n\t\t\t\t<\/div>\n\t\t\t\t<\/div>\n\t\t","protected":false},"excerpt":{"rendered":"<p>Pensselitehdas x Emilia Lehikoinen Pensselitehtaan uusi residenssitaiteilija on Emilia Lehikoinen. \u00a0 Emilia Lehikoinen (s. 2002) asuu ja ty\u00f6skentelee Porvoossa, p\u00e4\u00e4asiallisena tekniikkanaan \u00f6ljyv\u00e4rimaalaus. Viimeaikaisten teosten keskeisi\u00e4 teemoja ovat hetkellisyys ja ajallisuus, erilaiset muutoskohdat ja siirtym\u00e4t niin tunnekeskeisell\u00e4 kuin konkreettisen tilallisella tasolla. Teoksissa usein l\u00e4ht\u00f6kohtana toimiva tutkiva n\u00e4k\u00f6kulma muuttuu, hajoaa ja laajenee ty\u00f6skennelless\u00e4. Maalausj\u00e4ljess\u00e4 painottuvat kerroksellisuus ja [&hellip;]<\/p>\n","protected":false},"author":1,"featured_media":1143,"parent":0,"menu_order":0,"comment_status":"closed","ping_status":"closed","template":"","meta":{"footnotes":""},"class_list":["post-1141","page","type-page","status-publish","has-post-thumbnail","hentry"],"_links":{"self":[{"href":"https:\/\/www.pensselitehdas.fi\/index.php\/wp-json\/wp\/v2\/pages\/1141","targetHints":{"allow":["GET"]}}],"collection":[{"href":"https:\/\/www.pensselitehdas.fi\/index.php\/wp-json\/wp\/v2\/pages"}],"about":[{"href":"https:\/\/www.pensselitehdas.fi\/index.php\/wp-json\/wp\/v2\/types\/page"}],"author":[{"embeddable":true,"href":"https:\/\/www.pensselitehdas.fi\/index.php\/wp-json\/wp\/v2\/users\/1"}],"replies":[{"embeddable":true,"href":"https:\/\/www.pensselitehdas.fi\/index.php\/wp-json\/wp\/v2\/comments?post=1141"}],"version-history":[{"count":84,"href":"https:\/\/www.pensselitehdas.fi\/index.php\/wp-json\/wp\/v2\/pages\/1141\/revisions"}],"predecessor-version":[{"id":2170,"href":"https:\/\/www.pensselitehdas.fi\/index.php\/wp-json\/wp\/v2\/pages\/1141\/revisions\/2170"}],"wp:featuredmedia":[{"embeddable":true,"href":"https:\/\/www.pensselitehdas.fi\/index.php\/wp-json\/wp\/v2\/media\/1143"}],"wp:attachment":[{"href":"https:\/\/www.pensselitehdas.fi\/index.php\/wp-json\/wp\/v2\/media?parent=1141"}],"curies":[{"name":"wp","href":"https:\/\/api.w.org\/{rel}","templated":true}]}}