{"id":1183,"date":"2024-06-20T07:14:39","date_gmt":"2024-06-20T07:14:39","guid":{"rendered":"https:\/\/www.pensselitehdas.fi\/?page_id=1183"},"modified":"2024-09-09T16:06:39","modified_gmt":"2024-09-09T16:06:39","slug":"graffitiseina","status":"publish","type":"page","link":"https:\/\/www.pensselitehdas.fi\/index.php\/graffitiseina\/","title":{"rendered":"Pensselitehtaan graffitisein\u00e4"},"content":{"rendered":"\t\t<div data-elementor-type=\"wp-page\" data-elementor-id=\"1183\" class=\"elementor elementor-1183\" data-elementor-post-type=\"page\">\n\t\t\t\t<div class=\"elementor-element elementor-element-ffdbfb3 e-flex e-con-boxed e-con e-parent\" data-id=\"ffdbfb3\" data-element_type=\"container\" data-e-type=\"container\">\n\t\t\t\t\t<div class=\"e-con-inner\">\n\t\t\t\t<div class=\"elementor-element elementor-element-61f8aac elementor-widget elementor-widget-heading\" data-id=\"61f8aac\" data-element_type=\"widget\" data-e-type=\"widget\" data-widget_type=\"heading.default\">\n\t\t\t\t<div class=\"elementor-widget-container\">\n\t\t\t\t\t<h2 class=\"elementor-heading-title elementor-size-default\"><br>Pensselitehtaan graffitisein\u00e4 ja boksit<br><\/h2>\t\t\t\t<\/div>\n\t\t\t\t<\/div>\n\t\t\t\t\t<\/div>\n\t\t\t\t<\/div>\n\t\t<div class=\"elementor-element elementor-element-8b6aea8 e-grid e-con-boxed e-con e-parent\" data-id=\"8b6aea8\" data-element_type=\"container\" data-e-type=\"container\">\n\t\t\t\t\t<div class=\"e-con-inner\">\n\t\t\t\t<div class=\"elementor-element elementor-element-b005c38 elementor-widget elementor-widget-text-editor\" data-id=\"b005c38\" data-element_type=\"widget\" data-e-type=\"widget\" data-widget_type=\"text-editor.default\">\n\t\t\t\t<div class=\"elementor-widget-container\">\n\t\t\t\t\t\t\t\t\t<h3>Sein\u00e4n on rahoittaneet Porvoon nuorisovaltuusto ja Pensselitehdas ry. Yhdistys toteutti sein\u00e4n rakentamistoimet ja huolehtii my\u00f6s sen yll\u00e4pidosta.\nBoksit on Kokonniemen skeittiparkin perint\u00f6\u00e4 ja niit\u00e4 uusiok\u00e4ytet\u00e4\u00e4n mahdollisimman tehokkaasti.\n\nHomma toimii graffitimaalauksen yleisesti hyviksi todettujen s\u00e4\u00e4nt\u00f6jen ja etiikan pohjalta.\n<br><br><h3><b>Pensselitehtaan graffitisein\u00e4n s\u00e4\u00e4nn\u00f6t:\n<\/b><\/h3>\n&nbsp;\n<h5>Maalaa graffiteja vain niit\u00e4 varten oleviin sein\u00e4\u00e4n \/ bokseihin.<br>\n\u00c4l\u00e4 t\u00f6hri muita rakenteita.\n<br>\n\u00c4l\u00e4 h\u00e4iritse toisia maalareita, paikat ovat kaikille.\n<br>\nVoit maalata mihin tahansa ja mink\u00e4 p\u00e4\u00e4lle haluat, mutta \u00e4l\u00e4 sotke maalauksia.\n<br>\nVie tyhj\u00e4t purkit niille tarkoitettuun roskikseen.\n<br>\n\u00c4l\u00e4 riko pulloja tai laseja.\n<br>\nPid\u00e4 ymp\u00e4rist\u00f6 kaikin tavoin siistin\u00e4.\n<br>\n\u00c4l\u00e4 h\u00e4iritse muita alueella toimivia, Pensselitehdas on my\u00f6s monien ty\u00f6paikka.\n<br>Sein\u00e4 ja boksit puretaan, mik\u00e4li edell\u00e4 mainittuja ohjeita ja s\u00e4\u00e4nt\u00f6j\u00e4 ei noudateta.\n<br>\nAlueella on tallentava kameravalvonta.<br>\t\t\t\t\t\t\t\t<\/div>\n\t\t\t\t<\/div>\n\t\t\t\t<div class=\"elementor-element elementor-element-6f114f8 elementor-widget elementor-widget-image\" data-id=\"6f114f8\" data-element_type=\"widget\" data-e-type=\"widget\" data-widget_type=\"image.default\">\n\t\t\t\t<div class=\"elementor-widget-container\">\n\t\t\t\t\t\t\t\t\t\t\t\t\t\t\t<img fetchpriority=\"high\" decoding=\"async\" width=\"800\" height=\"600\" src=\"https:\/\/www.pensselitehdas.fi\/wp-content\/uploads\/2024\/06\/image0-1024x768.jpeg\" class=\"attachment-large size-large wp-image-1197\" alt=\"\" srcset=\"https:\/\/www.pensselitehdas.fi\/wp-content\/uploads\/2024\/06\/image0-1024x768.jpeg 1024w, https:\/\/www.pensselitehdas.fi\/wp-content\/uploads\/2024\/06\/image0-300x225.jpeg 300w, https:\/\/www.pensselitehdas.fi\/wp-content\/uploads\/2024\/06\/image0-768x576.jpeg 768w, https:\/\/www.pensselitehdas.fi\/wp-content\/uploads\/2024\/06\/image0-1536x1152.jpeg 1536w, https:\/\/www.pensselitehdas.fi\/wp-content\/uploads\/2024\/06\/image0-2048x1536.jpeg 2048w\" sizes=\"(max-width: 800px) 100vw, 800px\" \/>\t\t\t\t\t\t\t\t\t\t\t\t\t\t\t<\/div>\n\t\t\t\t<\/div>\n\t\t\t\t\t<\/div>\n\t\t\t\t<\/div>\n\t\t<div class=\"elementor-element elementor-element-86e6feb e-flex e-con-boxed e-con e-parent\" data-id=\"86e6feb\" data-element_type=\"container\" data-e-type=\"container\">\n\t\t\t\t\t<div class=\"e-con-inner\">\n\t\t\t\t<div class=\"elementor-element elementor-element-c95b1cf elementor-widget elementor-widget-spacer\" data-id=\"c95b1cf\" data-element_type=\"widget\" data-e-type=\"widget\" data-widget_type=\"spacer.default\">\n\t\t\t\t<div class=\"elementor-widget-container\">\n\t\t\t\t\t\t\t<div class=\"elementor-spacer\">\n\t\t\t<div class=\"elementor-spacer-inner\"><\/div>\n\t\t<\/div>\n\t\t\t\t\t\t<\/div>\n\t\t\t\t<\/div>\n\t\t\t\t\t<\/div>\n\t\t\t\t<\/div>\n\t\t\t\t<\/div>\n\t\t","protected":false},"excerpt":{"rendered":"<p>Pensselitehtaan graffitisein\u00e4 ja boksit Sein\u00e4n on rahoittaneet Porvoon nuorisovaltuusto ja Pensselitehdas ry. Yhdistys toteutti sein\u00e4n rakentamistoimet ja huolehtii my\u00f6s sen yll\u00e4pidosta. Boksit on Kokonniemen skeittiparkin perint\u00f6\u00e4 ja niit\u00e4 uusiok\u00e4ytet\u00e4\u00e4n mahdollisimman tehokkaasti. Homma toimii graffitimaalauksen yleisesti hyviksi todettujen s\u00e4\u00e4nt\u00f6jen ja etiikan pohjalta. Pensselitehtaan graffitisein\u00e4n s\u00e4\u00e4nn\u00f6t: &nbsp; Maalaa graffiteja vain niit\u00e4 varten oleviin sein\u00e4\u00e4n \/ bokseihin. \u00c4l\u00e4 [&hellip;]<\/p>\n","protected":false},"author":1,"featured_media":0,"parent":0,"menu_order":0,"comment_status":"closed","ping_status":"closed","template":"","meta":{"footnotes":""},"class_list":["post-1183","page","type-page","status-publish","hentry"],"_links":{"self":[{"href":"https:\/\/www.pensselitehdas.fi\/index.php\/wp-json\/wp\/v2\/pages\/1183","targetHints":{"allow":["GET"]}}],"collection":[{"href":"https:\/\/www.pensselitehdas.fi\/index.php\/wp-json\/wp\/v2\/pages"}],"about":[{"href":"https:\/\/www.pensselitehdas.fi\/index.php\/wp-json\/wp\/v2\/types\/page"}],"author":[{"embeddable":true,"href":"https:\/\/www.pensselitehdas.fi\/index.php\/wp-json\/wp\/v2\/users\/1"}],"replies":[{"embeddable":true,"href":"https:\/\/www.pensselitehdas.fi\/index.php\/wp-json\/wp\/v2\/comments?post=1183"}],"version-history":[{"count":43,"href":"https:\/\/www.pensselitehdas.fi\/index.php\/wp-json\/wp\/v2\/pages\/1183\/revisions"}],"predecessor-version":[{"id":1466,"href":"https:\/\/www.pensselitehdas.fi\/index.php\/wp-json\/wp\/v2\/pages\/1183\/revisions\/1466"}],"wp:attachment":[{"href":"https:\/\/www.pensselitehdas.fi\/index.php\/wp-json\/wp\/v2\/media?parent=1183"}],"curies":[{"name":"wp","href":"https:\/\/api.w.org\/{rel}","templated":true}]}}