{"id":1710,"date":"2025-01-13T17:47:29","date_gmt":"2025-01-13T15:47:29","guid":{"rendered":"https:\/\/www.pensselitehdas.fi\/?page_id=1710"},"modified":"2026-04-22T10:08:10","modified_gmt":"2026-04-22T07:08:10","slug":"home","status":"publish","type":"page","link":"https:\/\/www.pensselitehdas.fi\/","title":{"rendered":"Pensselitehdas ry"},"content":{"rendered":"\t\t<div data-elementor-type=\"wp-page\" data-elementor-id=\"1710\" class=\"elementor elementor-1710\" data-elementor-post-type=\"page\">\n\t\t\t\t<div class=\"elementor-element elementor-element-c8825e2 e-grid e-con-boxed e-con e-parent\" data-id=\"c8825e2\" data-element_type=\"container\" data-e-type=\"container\" data-settings=\"{&quot;background_background&quot;:&quot;classic&quot;}\">\n\t\t\t\t\t<div class=\"e-con-inner\">\n\t\t\t\t<div class=\"elementor-element elementor-element-5dc0e2e elementor-widget elementor-widget-image\" data-id=\"5dc0e2e\" data-element_type=\"widget\" data-e-type=\"widget\" data-widget_type=\"image.default\">\n\t\t\t\t<div class=\"elementor-widget-container\">\n\t\t\t\t\t\t\t\t\t\t\t\t\t\t\t<img fetchpriority=\"high\" decoding=\"async\" width=\"800\" height=\"800\" src=\"https:\/\/www.pensselitehdas.fi\/wp-content\/uploads\/2026\/01\/ArppaJiri-serkku-1024x1024.jpg\" class=\"attachment-large size-large wp-image-2059\" alt=\"\" srcset=\"https:\/\/www.pensselitehdas.fi\/wp-content\/uploads\/2026\/01\/ArppaJiri-serkku-1024x1024.jpg 1024w, https:\/\/www.pensselitehdas.fi\/wp-content\/uploads\/2026\/01\/ArppaJiri-serkku-300x300.jpg 300w, https:\/\/www.pensselitehdas.fi\/wp-content\/uploads\/2026\/01\/ArppaJiri-serkku-150x150.jpg 150w, https:\/\/www.pensselitehdas.fi\/wp-content\/uploads\/2026\/01\/ArppaJiri-serkku-768x768.jpg 768w, https:\/\/www.pensselitehdas.fi\/wp-content\/uploads\/2026\/01\/ArppaJiri-serkku-1536x1536.jpg 1536w, https:\/\/www.pensselitehdas.fi\/wp-content\/uploads\/2026\/01\/ArppaJiri-serkku-2048x2048.jpg 2048w\" sizes=\"(max-width: 800px) 100vw, 800px\" \/>\t\t\t\t\t\t\t\t\t\t\t\t\t\t\t<\/div>\n\t\t\t\t<\/div>\n\t\t\t\t<div class=\"elementor-element elementor-element-6b9365c elementor-widget elementor-widget-text-editor\" data-id=\"6b9365c\" data-element_type=\"widget\" data-e-type=\"widget\" data-widget_type=\"text-editor.default\">\n\t\t\t\t<div class=\"elementor-widget-container\">\n\t\t\t\t\t\t\t\t\t&nbsp;\n\n<hr \/>\n\n<h1 style=\"text-align: left;\"><b style=\"font-family: var( --e-global-typography-text-font-family ), Sans-serif; font-style: var( --e-global-typography-text-font-style ); letter-spacing: var( --e-global-typography-text-letter-spacing ); text-transform: var( --e-global-typography-text-text-transform ); text-decoration: var( --e-global-typography-text-text-decoration );\">ARPPA &amp; JIRI-SERKKU &#8220;TANSSIT PIHLAJASSA&#8221; 30.5.2026<\/b><b style=\"font-family: var( --e-global-typography-text-font-family ), Sans-serif; font-size: var( --e-global-typography-text-font-size ); font-style: var( --e-global-typography-text-font-style ); letter-spacing: var( --e-global-typography-text-letter-spacing ); text-transform: var( --e-global-typography-text-text-transform ); text-decoration: var( --e-global-typography-text-text-decoration );\">\u00a0<\/b><\/h1>\nArpan ja Jiri-serkun Iltamat Pihlajassa on tarinallinen albumikokonaisuus, joka julkaistaan vappup\u00e4iv\u00e4n\u00e4 1.5.2026. Svengaavan ja hyv\u00e4ntuulisen albumin tarinat nousevat satamakaupunginosa Ykspihlajan v\u00e4rikk\u00e4\u00e4st\u00e4 historiasta. Vilkkaan satamaliikenteen ansiosta Ykspihlajasta on ajan saatossa tullut koti niin balalaikkaa soittaville ty\u00f6l\u00e4isnaisille kuin joutilaille kyl\u00e4filosofeille. Pelimannit, p\u00e4tk\u00e4ty\u00f6l\u00e4iset, seireenit ja lentoj\u00e4tk\u00e4t ovat p\u00e4\u00e4henkil\u00f6it\u00e4 t\u00e4ll\u00e4 r\u00e4iskyv\u00e4\u00e4 rytmimusiikkia rakastavalla albumilla Arppa &amp; Jiri-serkku: Iltamat Pihlajassa.\n\nKirkosta kouluun ja kapakkaan ulottuvalla kiertueella Arppa ja Jiri-serkku esitt\u00e4v\u00e4t albumin kappaleita vaihtelevalla kokoonpanolla.\n<h4>\n<span style=\"color: #ffffff;\"><span style=\"caret-color: #ffffff;\">Liput ennakkoon 30\u20ac sis. palvelumaksu<\/span><\/span><\/h4>\n<h4><span style=\"color: #ffffff;\">Ovet klo 19:00. Show klo 21:00.\nK18. <\/span><\/h4>\n<div><span style=\"color: #ffffff;\">\u00a0<\/span><\/div>\n<span style=\"color: #ffffff;\">\u00a0<b><a href=\"https:\/\/www.tiketti.fi\/arppa-jiri-serkku-iltamat-pihlajassa-pensselitehdas-porvoo-lippuja\/115089\">&#8211; OSTA LIPPU-<\/a><\/b><\/span>\t\t\t\t\t\t\t\t<\/div>\n\t\t\t\t<\/div>\n\t\t\t\t\t<\/div>\n\t\t\t\t<\/div>\n\t\t\t\t<\/div>\n\t\t","protected":false},"excerpt":{"rendered":"<p>&nbsp; ARPPA &amp; JIRI-SERKKU &#8220;TANSSIT PIHLAJASSA&#8221; 30.5.2026\u00a0 Arpan ja Jiri-serkun Iltamat Pihlajassa on tarinallinen albumikokonaisuus, joka julkaistaan vappup\u00e4iv\u00e4n\u00e4 1.5.2026. Svengaavan ja hyv\u00e4ntuulisen albumin tarinat nousevat satamakaupunginosa Ykspihlajan v\u00e4rikk\u00e4\u00e4st\u00e4 historiasta. Vilkkaan satamaliikenteen ansiosta Ykspihlajasta on ajan saatossa tullut koti niin balalaikkaa soittaville ty\u00f6l\u00e4isnaisille kuin joutilaille kyl\u00e4filosofeille. Pelimannit, p\u00e4tk\u00e4ty\u00f6l\u00e4iset, seireenit ja lentoj\u00e4tk\u00e4t ovat p\u00e4\u00e4henkil\u00f6it\u00e4 t\u00e4ll\u00e4 r\u00e4iskyv\u00e4\u00e4 rytmimusiikkia [&hellip;]<\/p>\n","protected":false},"author":1,"featured_media":0,"parent":0,"menu_order":0,"comment_status":"closed","ping_status":"closed","template":"elementor_header_footer","meta":{"footnotes":""},"class_list":["post-1710","page","type-page","status-publish","hentry"],"_links":{"self":[{"href":"https:\/\/www.pensselitehdas.fi\/index.php\/wp-json\/wp\/v2\/pages\/1710","targetHints":{"allow":["GET"]}}],"collection":[{"href":"https:\/\/www.pensselitehdas.fi\/index.php\/wp-json\/wp\/v2\/pages"}],"about":[{"href":"https:\/\/www.pensselitehdas.fi\/index.php\/wp-json\/wp\/v2\/types\/page"}],"author":[{"embeddable":true,"href":"https:\/\/www.pensselitehdas.fi\/index.php\/wp-json\/wp\/v2\/users\/1"}],"replies":[{"embeddable":true,"href":"https:\/\/www.pensselitehdas.fi\/index.php\/wp-json\/wp\/v2\/comments?post=1710"}],"version-history":[{"count":280,"href":"https:\/\/www.pensselitehdas.fi\/index.php\/wp-json\/wp\/v2\/pages\/1710\/revisions"}],"predecessor-version":[{"id":2275,"href":"https:\/\/www.pensselitehdas.fi\/index.php\/wp-json\/wp\/v2\/pages\/1710\/revisions\/2275"}],"wp:attachment":[{"href":"https:\/\/www.pensselitehdas.fi\/index.php\/wp-json\/wp\/v2\/media?parent=1710"}],"curies":[{"name":"wp","href":"https:\/\/api.w.org\/{rel}","templated":true}]}}