{"id":923,"date":"2023-09-24T14:36:32","date_gmt":"2023-09-24T14:36:32","guid":{"rendered":"https:\/\/www.pensselitehdas.fi\/?page_id=923"},"modified":"2025-01-04T00:20:51","modified_gmt":"2025-01-03T22:20:51","slug":"kannatusjasenyys","status":"publish","type":"page","link":"https:\/\/www.pensselitehdas.fi\/index.php\/kannatusjasenyys\/","title":{"rendered":"kannatusjasenyys"},"content":{"rendered":"\t\t<div data-elementor-type=\"wp-page\" data-elementor-id=\"923\" class=\"elementor elementor-923\" data-elementor-post-type=\"page\">\n\t\t\t\t<div class=\"elementor-element elementor-element-ebc988c e-flex e-con-boxed e-con e-parent\" data-id=\"ebc988c\" data-element_type=\"container\" data-e-type=\"container\">\n\t\t\t\t\t<div class=\"e-con-inner\">\n\t\t\t\t<div class=\"elementor-element elementor-element-c14c042 elementor-widget elementor-widget-heading\" data-id=\"c14c042\" data-element_type=\"widget\" data-e-type=\"widget\" data-widget_type=\"heading.default\">\n\t\t\t\t<div class=\"elementor-widget-container\">\n\t\t\t\t\t<h2 class=\"elementor-heading-title elementor-size-default\">Pensselitehtaan kannatusj\u00e4senyys<\/h2>\t\t\t\t<\/div>\n\t\t\t\t<\/div>\n\t\t\t\t\t<\/div>\n\t\t\t\t<\/div>\n\t\t<div class=\"elementor-element elementor-element-b095ba4 e-flex e-con-boxed e-con e-parent\" data-id=\"b095ba4\" data-element_type=\"container\" data-e-type=\"container\">\n\t\t\t\t\t<div class=\"e-con-inner\">\n\t\t\t\t<div class=\"elementor-element elementor-element-db9885c elementor-widget elementor-widget-text-editor\" data-id=\"db9885c\" data-element_type=\"widget\" data-e-type=\"widget\" data-widget_type=\"text-editor.default\">\n\t\t\t\t<div class=\"elementor-widget-container\">\n\t\t\t\t\t\t\t\t\t\nMusiikki- ja kulttuuriyhdistys Pensselitehdas ry on voittoa tavoittelematon yhdistys, ja kuten kaikkien yhdistyksien toiminnassa, kannatusj\u00e4senet ovat t\u00e4rke\u00e4ss\u00e4 roolissa.\n\nKannatusj\u00e4senyyden perushinta yksityishenkil\u00f6ille on 20\u20ac\/vuosi.\n\nKannatusj\u00e4seneksi voi liitty\u00e4 kuka tahansa yksityishenkil\u00f6, yhdistys tai yritys ja se onnistuu k\u00e4tev\u00e4sti l\u00e4hett\u00e4m\u00e4ll\u00e4 meille <a href=\"mailto:info@pensselitehdas.fi? subject=Kannatusj\u00e4seneksi\">s\u00e4hk\u00f6postia<\/a>.\n\n<strong>Kiitos tuestasi!\u00a0<\/strong>\t\t\t\t\t\t\t\t<\/div>\n\t\t\t\t<\/div>\n\t\t\t\t\t<\/div>\n\t\t\t\t<\/div>\n\t\t\t\t<\/div>\n\t\t","protected":false},"excerpt":{"rendered":"<p>Pensselitehtaan kannatusj\u00e4senyys Musiikki- ja kulttuuriyhdistys Pensselitehdas ry on voittoa tavoittelematon yhdistys, ja kuten kaikkien yhdistyksien toiminnassa, kannatusj\u00e4senet ovat t\u00e4rke\u00e4ss\u00e4 roolissa. Kannatusj\u00e4senyyden perushinta yksityishenkil\u00f6ille on 20\u20ac\/vuosi. Kannatusj\u00e4seneksi voi liitty\u00e4 kuka tahansa yksityishenkil\u00f6, yhdistys tai yritys ja se onnistuu k\u00e4tev\u00e4sti l\u00e4hett\u00e4m\u00e4ll\u00e4 meille s\u00e4hk\u00f6postia. Kiitos tuestasi!\u00a0<\/p>\n","protected":false},"author":1,"featured_media":0,"parent":0,"menu_order":0,"comment_status":"closed","ping_status":"closed","template":"","meta":{"footnotes":""},"class_list":["post-923","page","type-page","status-publish","hentry"],"_links":{"self":[{"href":"https:\/\/www.pensselitehdas.fi\/index.php\/wp-json\/wp\/v2\/pages\/923","targetHints":{"allow":["GET"]}}],"collection":[{"href":"https:\/\/www.pensselitehdas.fi\/index.php\/wp-json\/wp\/v2\/pages"}],"about":[{"href":"https:\/\/www.pensselitehdas.fi\/index.php\/wp-json\/wp\/v2\/types\/page"}],"author":[{"embeddable":true,"href":"https:\/\/www.pensselitehdas.fi\/index.php\/wp-json\/wp\/v2\/users\/1"}],"replies":[{"embeddable":true,"href":"https:\/\/www.pensselitehdas.fi\/index.php\/wp-json\/wp\/v2\/comments?post=923"}],"version-history":[{"count":37,"href":"https:\/\/www.pensselitehdas.fi\/index.php\/wp-json\/wp\/v2\/pages\/923\/revisions"}],"predecessor-version":[{"id":1673,"href":"https:\/\/www.pensselitehdas.fi\/index.php\/wp-json\/wp\/v2\/pages\/923\/revisions\/1673"}],"wp:attachment":[{"href":"https:\/\/www.pensselitehdas.fi\/index.php\/wp-json\/wp\/v2\/media?parent=923"}],"curies":[{"name":"wp","href":"https:\/\/api.w.org\/{rel}","templated":true}]}}